{"id":79,"date":"2015-03-31T12:38:28","date_gmt":"2015-03-31T10:38:28","guid":{"rendered":"http:\/\/www.bonsai-blog.de\/?page_id=79"},"modified":"2015-04-09T16:12:28","modified_gmt":"2015-04-09T14:12:28","slug":"honda-dax-st50g","status":"publish","type":"page","link":"https:\/\/www.bonsai-blog.de\/?page_id=79","title":{"rendered":""},"content":{"rendered":"<p style=\"text-align: right; padding-left: 30px; padding-right: 15px; font-size: 0.8em;\"><span style=\"color: #000000;\"><em><a style=\"color: #000000;\" title=\"Fahrzeuge\" href=\"http:\/\/www.bonsai-blog.de\/?page_id=73\">Zur\u00fcck zur \u00fcbergordneten Seite<\/a><\/em><\/span><\/p>\n<p style=\"text-align: center;\"><span style=\"color: #993300;\"><strong><a style=\"color: #993300;\" href=\"http:\/\/www.bonsai-blog.de\/?page_id=108\">Hier geht es zum Aufbaubericht<\/a><\/strong><\/span><\/p>\n<p style=\"text-align: center;\"><a href=\"http:\/\/www.bonsai-blog.de\/?page_id=108\"><img loading=\"lazy\" decoding=\"async\" class=\"alignnone size-full wp-image-198\" src=\"http:\/\/www.bonsai-blog.de\/wp-content\/uploads\/2015\/03\/Neuaufbau-Timesslice.png\" alt=\"Neuaufbau-Timesslice\" width=\"706\" height=\"69\" srcset=\"https:\/\/www.bonsai-blog.de\/wp-content\/uploads\/2015\/03\/Neuaufbau-Timesslice.png 706w, https:\/\/www.bonsai-blog.de\/wp-content\/uploads\/2015\/03\/Neuaufbau-Timesslice-300x29.png 300w, https:\/\/www.bonsai-blog.de\/wp-content\/uploads\/2015\/03\/Neuaufbau-Timesslice-648x63.png 648w, https:\/\/www.bonsai-blog.de\/wp-content\/uploads\/2015\/03\/Neuaufbau-Timesslice-583x57.png 583w\" sizes=\"auto, (max-width: 706px) 100vw, 706px\" \/><\/a><\/p>\n<h1 style=\"text-align: left;\"><strong>Fahrzeugdaten<\/strong><\/h1>\n<p>Bezeichnung: Honda Dax ST50G<\/p>\n<p>Neuaufbau 2012 &#8211; 2013<\/p>\n<p>Motor: Zongshen 125ccm<\/p>\n<p>Vergaser: Keihin PE24<\/p>\n<p>Luftfilter Daytona<\/p>\n<p>Auspuff: S-Craft Silentium 2015er Edition<\/p>\n<p>Gabel: Honda Nice Gabel mit Nice Schreibenbremse, Gabelbr\u00fccke von Hot Shot Monkeys (HSM), umgebauter 6v Radstern (ebenfalls HSM)<\/p>\n<p>G-Craft Alufelgen<\/p>\n<p>Spiegler Stahlflexbremsleitung<\/p>\n<p>Kitaco Gasgriff und LSL Lenkerenden<\/p>\n<p>Honda Nice Schaltereinheit<\/p>\n<p>Sitzbezug selfmade<\/p>\n<p>Lackierung: Skoda Rallye Gr\u00fcn Metallic<\/p>\n<p>Blinkerhalter selfmade f\u00fcr Cat Eye Blinker<\/p>\n<p>&nbsp;<\/p>\n<h1>Geschichte des Fahrzeuges<\/h1>\n<p>\u00dcber einen Vereinskollegen habe ich von einer Dax in schlechtem Zustand erfahren. Anhand der Bilder erkannte ich schnell: Das wird meine n\u00e4chste Herausforderung.<\/p>\n<p>Das Fahrzeug stand bis dato in einem Pferdestall am Niederrhein und genau so sah sie auch aus. Es ist meine zweite Dax und nachdem ich an meiner ersten Dax wegen des guten Zustands kaum etwas restaurieren musste, war ich begeistert ein solches Fahrzeug zu kaufen.<\/p>\n<p>Im August 2012 habe ich daher die damals noch blaue Dax erworben und von da an mit dem Neuaufbau begonnen. Zun\u00e4chst war der Neuaufbau als Mokick geplant. Hierzu wurde der originale Motor \u00fcberholt. Den Aufbaubericht des Motors k\u00f6nnt ihr euch hier\u00a0ebenfalls\u00a0ansehen:<\/p>\n<figure id=\"attachment_422\" aria-describedby=\"caption-attachment-422\" style=\"width: 150px\" class=\"wp-caption aligncenter\"><a href=\"http:\/\/www.bonsai-blog.de\/?page_id=286\"><img loading=\"lazy\" decoding=\"async\" class=\"wp-image-422 size-thumbnail\" src=\"http:\/\/www.bonsai-blog.de\/wp-content\/uploads\/2015\/04\/st50ge_gruen_116-150x150.jpg\" alt=\"\" width=\"150\" height=\"150\" srcset=\"https:\/\/www.bonsai-blog.de\/wp-content\/uploads\/2015\/04\/st50ge_gruen_116-150x150.jpg 150w, https:\/\/www.bonsai-blog.de\/wp-content\/uploads\/2015\/04\/st50ge_gruen_116-330x330.jpg 330w, https:\/\/www.bonsai-blog.de\/wp-content\/uploads\/2015\/04\/st50ge_gruen_116-1230x1230.jpg 1230w\" sizes=\"auto, (max-width: 150px) 100vw, 150px\" \/><\/a><figcaption id=\"caption-attachment-422\" class=\"wp-caption-text\">Motoraufbau ST50GE<\/figcaption><\/figure>\n<p>&nbsp;<\/p>\n<p style=\"text-align: center;\">\n","protected":false},"excerpt":{"rendered":"<p>Zur\u00fcck zur \u00fcbergordneten Seite Hier geht es zum Aufbaubericht Fahrzeugdaten Bezeichnung: Honda Dax ST50G Neuaufbau 2012 &#8211; 2013 Motor: Zongshen 125ccm Vergaser: Keihin PE24 Luftfilter Daytona Auspuff: S-Craft Silentium 2015er Edition Gabel: Honda Nice Gabel mit Nice Schreibenbremse, Gabelbr\u00fccke von Hot Shot Monkeys (HSM), umgebauter 6v Radstern (ebenfalls HSM) G-Craft Alufelgen Spiegler Stahlflexbremsleitung Kitaco Gasgriff &hellip; <a href=\"https:\/\/www.bonsai-blog.de\/?page_id=79\" class=\"more-link\"><span class=\"screen-reader-text\"><\/span> weiterlesen<\/a><\/p>\n","protected":false},"author":1,"featured_media":93,"parent":73,"menu_order":0,"comment_status":"closed","ping_status":"closed","template":"page-templates\/full-width-page.php","meta":{"ngg_post_thumbnail":0,"footnotes":""},"class_list":["post-79","page","type-page","status-publish","has-post-thumbnail","hentry"],"jetpack_sharing_enabled":true,"_links":{"self":[{"href":"https:\/\/www.bonsai-blog.de\/index.php?rest_route=\/wp\/v2\/pages\/79","targetHints":{"allow":["GET"]}}],"collection":[{"href":"https:\/\/www.bonsai-blog.de\/index.php?rest_route=\/wp\/v2\/pages"}],"about":[{"href":"https:\/\/www.bonsai-blog.de\/index.php?rest_route=\/wp\/v2\/types\/page"}],"author":[{"embeddable":true,"href":"https:\/\/www.bonsai-blog.de\/index.php?rest_route=\/wp\/v2\/users\/1"}],"replies":[{"embeddable":true,"href":"https:\/\/www.bonsai-blog.de\/index.php?rest_route=%2Fwp%2Fv2%2Fcomments&post=79"}],"version-history":[{"count":10,"href":"https:\/\/www.bonsai-blog.de\/index.php?rest_route=\/wp\/v2\/pages\/79\/revisions"}],"predecessor-version":[{"id":437,"href":"https:\/\/www.bonsai-blog.de\/index.php?rest_route=\/wp\/v2\/pages\/79\/revisions\/437"}],"up":[{"embeddable":true,"href":"https:\/\/www.bonsai-blog.de\/index.php?rest_route=\/wp\/v2\/pages\/73"}],"wp:featuredmedia":[{"embeddable":true,"href":"https:\/\/www.bonsai-blog.de\/index.php?rest_route=\/wp\/v2\/media\/93"}],"wp:attachment":[{"href":"https:\/\/www.bonsai-blog.de\/index.php?rest_route=%2Fwp%2Fv2%2Fmedia&parent=79"}],"curies":[{"name":"wp","href":"https:\/\/api.w.org\/{rel}","templated":true}]}}