{"id":1073,"date":"2015-11-19T10:38:35","date_gmt":"2015-11-19T09:38:35","guid":{"rendered":"http:\/\/www.bonsai-blog.de\/?page_id=1073"},"modified":"2015-11-19T10:52:44","modified_gmt":"2015-11-19T09:52:44","slug":"aufbaubericht-der-z50a-rot","status":"publish","type":"page","link":"https:\/\/www.bonsai-blog.de\/?page_id=1073","title":{"rendered":"Aufbaubericht der Z50A (rot)"},"content":{"rendered":"<p style=\"text-align: right; padding-left: 30px;padding-right: 15px;font-size:0.8em\"><span style=\"color: #000000;\"><em><a style=\"color: #000000;\" href=\"http:\/\/www.bonsai-blog.de\/?page_id=883\">Zur\u00fcck zur \u00fcbergordneten Seite<\/a><\/em><\/span><\/p>\n<p>Von oben nach unten gibt es hier den Aufbaubericht der roten\u00a0A-Monkey zum nachlesen.:<\/p>\n<p><strong>19.07.2015 18:12Uhr:<\/strong><\/p>\n<p>Heute war dann &#8222;Bestandsaufnahme&#8220; angesagt.<\/p>\n<p>Zu tun ist definitiv folgendes:<\/p>\n<p>1. Lenker gerade biegen<br \/>\n2. Felgen lackieren (die sind gestrahlt)<br \/>\n3. R\u00fccklichttr\u00e4ger an zwei Stellen schwei\u00dfen und pulvern lassen<br \/>\n4. Den originalen Motor zusammen bauen. Die Teile daf\u00fcr sind bis auf die Kupplung augenscheinlich da und auch in passablem Zustand.<\/p>\n<p>Ansonsten gibt es ein paar Fehlteile, die gekauft werden m\u00fcssen. Insbesondere fehlen mir sicherlich einige originale Honda Schrauben. Bei manchen Dingen bin ich nicht sicher, da ich mich noch nicht mit Monkeys auskenne.<br \/>\nIch werde mich demn\u00e4chst also u.a. mit der Tankbefestigung, dem Kabelbaum, einem Z\u00fcndschloss und Lenkkopflagerschalen besch\u00e4ftigen.<br \/>\nZun\u00e4chst werde ich hier im Forum lesen und die CMS Konstruktionszeichnungen lesen.<\/p>\n<p>Die originalen Papiere (keine Zweitschrift) sind dabei und die Angaben passen zur Nummer auf dem Rahmen und dem Typenschild. Der mitgelieferte Motor tr\u00e4gt die in den Papieren stehende Nummer.<br \/>\nDer Rahmen wurde mal vor einiger Zeit neu lackiert (st\u00f6rt mich nicht). Der Lack passt aber zum Lackstift meiner Dax &#8211; scheint also Candy Ruby Red zu sein.<\/p>\n<p>Neben den offensichtlichen Teilen waren diverse T\u00fcten dabei. Durchweg originale Honda T\u00fcten mit Ersatzteilen in allen Bereichen. Mit den nachfolgenden Bildern m\u00f6chte ich euch hier ein bisschen was zeigen.<\/p>\n<p>Heute wurde bereits intensiv Stahlwolle, NeverDull und Meguiars All Metal Polish verwendet. Und hier freut es mich ganz besonders, dass meine Freundin bereits mitgeholfen hat.<br \/>\nSie hat heute sogar vorgeschlagen, mein B\u00fcro so umzugestalten, dass DIESE Monkey dort in der Regel \u00fcberwintern kann. Dazu m\u00fcsste es ein neues M\u00f6belst\u00fcck geben. Die Monkey gef\u00e4llt ihr.<br \/>\nEntsprechend war das heute wie Weihnachten.<\/p>\n<p>Und nun zu den Bildern:<\/p>\nngg_shortcode_0_placeholder\n<p>&nbsp;<\/p>\n<p><strong>25.07.2015 22:35 Uhr:<\/strong><\/p>\n<p>Eigentlich wollte ich ja erst im Winter anfangen aber wie es so ist, kann man es nicht lassen.<\/p>\n<p>Ich hatte diese Woche bereits mit Peter Lerch Kontakt und werde von ihm ein paar Teile erhalten.<br \/>\nVom stingray kam heute die Rahmenstrebe, die nun noch lackiert werden muss.<br \/>\nDanke f\u00fcr die schnelle Lieferung.<\/p>\n<p>Da ich im Forum irgendwann mal einen Tip zum Entrosten mittels Essigreiniger gelesen habe wurde das heute direkt mal ausprobiert. Ziel ist es, die originalen Schrauben zu verbauen. Alle sind wohl nicht mehr erhalten, aber das was ich da habe soll gerettet werden. Daher baden die Schrauben und manche Kleinteile nun im Essigbad und sollen dann neu verzinkt werden.<\/p>\n<p>Die Fu\u00dfrastenanlage habe ich heute auch zerlegt und angefangen zu reinigen. Unter dem Dreck kam eine geschwei\u00dfte Stelle hervor, die noch etwas bearbeitet werden muss. Ich werde den Tr\u00e4ger aber vermutlich trotzdem verbauen.<\/p>\n<p>Die gestrahlten Felgen sind bereits grundiert und m\u00fcssen nur noch lackiert werden. Die Schrauben zum zusammenbauen sind aber noch nicht fertig.<br \/>\nEin Neimann Schloss habe ich dank Tobi auch bereits, der R\u00fccklichttr\u00e4ger ist zerlegt zum Schwei\u00dfen.<\/p>\n<p>&nbsp;<\/p>\n<p><strong>28.08.2015 11:30Uhr:<\/strong><\/p>\n<p>Verzinken abgeschlossen &#8211; alle Teile sind wieder da!<\/p>\n<p>&nbsp;<\/p>\n<p><strong>03.09.2015 19:44<\/strong><\/p>\n<p>Die Fu\u00dfrrastenanlage ist fertig zusammengebaut.<br \/>\nHier die Gallerie zur vollst\u00e4ndigen Restauration der Fu\u00dfrastenanlage und der Verzinkung der Schrauben.<\/p>\nngg_shortcode_1_placeholder\n<p>&nbsp;<\/p>\n<p><strong>08.09.2015 19:24Uhr:<\/strong><\/p>\n<p>Die Felgen sind fertig montiert.<\/p>\n<p>&nbsp;<\/p>\n<p><strong>20.09.2015 19:30Uhr:<\/strong><\/p>\n<p>Tobias hat mir einen neuen Kabelbaum nach Originalvorlage gebaut. Alle Kabel sind nun neu. Der Kabelbaum passt an alle originalen Stecker.<\/p>\nngg_shortcode_2_placeholder\n<p>&nbsp;<\/p>\n<p><strong>14.11.2015 18:36Uhr:<\/strong><\/p>\n<div class=\"content\">Der R\u00fccklichttr\u00e4ger ist vom Lackierer zur\u00fcck. Der Kabelbaum vom Tobi wurde heute auch mal verbaut und damit das Heck fertig wurde habe ich heute auch mal den defekten Kontakt f\u00fcr die R\u00fccklichtbirne erneuert.<br \/>\nDort fehlte das Kabel, aber das Kontaktblech und der &#8222;Teller&#8220; waren noch vorhanden.<br \/>\nDas R\u00fccklicht hat meinen Nachbaueinsatz (der wei\u00dfe Einsatz) erhalten und es wurden neue originale Hondaschrauben aus dem T\u00fctchen verbaut.<br \/>\nDie neue originale Z\u00fcndspule ist auch verbaut; dort fehlt aber noch der Kerzenstecker.<br \/>\nZu guter letzt gab es noch einen neuen Luftfilter und einen neuen Tachogummi. Damit ist wohl die Vorweihnachtszeit eingel\u00e4utet.<\/div>\nngg_shortcode_3_placeholder\n","protected":false},"excerpt":{"rendered":"<p>Zur\u00fcck zur \u00fcbergordneten Seite Von oben nach unten gibt es hier den Aufbaubericht der roten\u00a0A-Monkey zum nachlesen.: 19.07.2015 18:12Uhr: Heute war dann &#8222;Bestandsaufnahme&#8220; angesagt. Zu tun ist definitiv folgendes: 1. Lenker gerade biegen 2. Felgen lackieren (die sind gestrahlt) 3. R\u00fccklichttr\u00e4ger an zwei Stellen schwei\u00dfen und pulvern lassen 4. Den originalen Motor zusammen bauen. Die &hellip; <a href=\"https:\/\/www.bonsai-blog.de\/?page_id=1073\" class=\"more-link\"><span class=\"screen-reader-text\">Aufbaubericht der Z50A (rot)<\/span> weiterlesen<\/a><\/p>\n","protected":false},"author":1,"featured_media":0,"parent":883,"menu_order":0,"comment_status":"closed","ping_status":"closed","template":"page-templates\/pure.php","meta":{"ngg_post_thumbnail":0,"footnotes":""},"class_list":["post-1073","page","type-page","status-publish","hentry"],"jetpack_sharing_enabled":true,"_links":{"self":[{"href":"https:\/\/www.bonsai-blog.de\/index.php?rest_route=\/wp\/v2\/pages\/1073","targetHints":{"allow":["GET"]}}],"collection":[{"href":"https:\/\/www.bonsai-blog.de\/index.php?rest_route=\/wp\/v2\/pages"}],"about":[{"href":"https:\/\/www.bonsai-blog.de\/index.php?rest_route=\/wp\/v2\/types\/page"}],"author":[{"embeddable":true,"href":"https:\/\/www.bonsai-blog.de\/index.php?rest_route=\/wp\/v2\/users\/1"}],"replies":[{"embeddable":true,"href":"https:\/\/www.bonsai-blog.de\/index.php?rest_route=%2Fwp%2Fv2%2Fcomments&post=1073"}],"version-history":[{"count":9,"href":"https:\/\/www.bonsai-blog.de\/index.php?rest_route=\/wp\/v2\/pages\/1073\/revisions"}],"predecessor-version":[{"id":1156,"href":"https:\/\/www.bonsai-blog.de\/index.php?rest_route=\/wp\/v2\/pages\/1073\/revisions\/1156"}],"up":[{"embeddable":true,"href":"https:\/\/www.bonsai-blog.de\/index.php?rest_route=\/wp\/v2\/pages\/883"}],"wp:attachment":[{"href":"https:\/\/www.bonsai-blog.de\/index.php?rest_route=%2Fwp%2Fv2%2Fmedia&parent=1073"}],"curies":[{"name":"wp","href":"https:\/\/api.w.org\/{rel}","templated":true}]}}